{"id":8,"date":"2014-11-17T13:57:48","date_gmt":"2014-11-17T13:57:48","guid":{"rendered":"http:\/\/127.0.0.1:8888\/Arbeit\/zintzen\/wordpress\/?page_id=2"},"modified":"2023-05-12T22:26:53","modified_gmt":"2023-05-12T20:26:53","slug":"beispiel-seite-2","status":"publish","type":"page","link":"https:\/\/fleisch-zintzen.de\/","title":{"rendered":"Start"},"content":{"rendered":"<p style=\"text-align: justify;\">Unser moderner und kundenfreundlicher Betrieb liegt in Aachen-Brand, gut erreichbar am Tor zum Nationalpark Eifel. Der zentrale Standort im Verkehrsknoten des Dreil\u00e4nderecks bietet uns und unseren Kunden eine hervorragende Verkehrsanbindung auch aus den Niederlanden und dem nahen Belgien.<\/p>\n<p style=\"text-align: justify;\"><strong>Fleisch ist eines der sensibelsten Lebensmittel. Deshalb behandeln wir es traditionell mit Respekt, Sachverstand und Kompetenz.<\/strong><\/p>\n<p style=\"text-align: justify;\">Beste Teile von Rind, Kalb, Schwein und Lamm zu liefern ist das Bestreben der Familie Zintzen bereits in der dritten Generation.<\/p>\n<p style=\"text-align: justify;\">Durch gleichbleibende Spitzenqualit\u00e4t, absolute Zuverl\u00e4ssigkeit und unsere individuellen Leistungen, haben wir das Vertrauen vieler regionaler\u00a0Metzgereien, Fleischerfachgesch\u00e4ften, Fachabteilungen in Gro\u00df- und Einzelhandel sowie von Restaurants und Gro\u00dfk\u00fcchen dauerhaft erworben.<\/p>\n<p style=\"text-align: justify;\"><div class='content-column full_width'><a href=\"http:\/\/zintzen.eg.nedeco.mobi\/wp-content\/uploads\/2014\/11\/start_gebaeude.jpeg\"><img decoding=\"async\" loading=\"lazy\" class=\"alignnone size-medium wp-image-274\" src=\"http:\/\/zintzen.eg.nedeco.mobi\/wp-content\/uploads\/2014\/11\/start_gebaeude-300x172.jpeg\" alt=\"\" width=\"300\" height=\"172\" srcset=\"https:\/\/fleisch-zintzen.de\/wp-content\/uploads\/2014\/11\/start_gebaeude-300x172.jpeg 300w, https:\/\/fleisch-zintzen.de\/wp-content\/uploads\/2014\/11\/start_gebaeude.jpeg 670w\" sizes=\"(max-width: 300px) 100vw, 300px\" \/><\/a><\/div><\/p>\n","protected":false},"excerpt":{"rendered":"<p>Unser moderner und kundenfreundlicher Betrieb liegt in Aachen-Brand, gut erreichbar am Tor zum Nationalpark Eifel. Der zentrale Standort im Verkehrsknoten des Dreil\u00e4nderecks bietet uns und unseren Kunden eine hervorragende Verkehrsanbindung auch aus den Niederlanden und dem nahen Belgien. Fleisch ist eines der sensibelsten Lebensmittel. Deshalb behandeln wir es traditionell mit Respekt, Sachverstand und Kompetenz. Beste [&hellip;]<\/p>\n","protected":false},"author":2,"featured_media":0,"parent":0,"menu_order":10,"comment_status":"open","ping_status":"open","template":"","meta":[],"_links":{"self":[{"href":"https:\/\/fleisch-zintzen.de\/index.php?rest_route=\/wp\/v2\/pages\/8"}],"collection":[{"href":"https:\/\/fleisch-zintzen.de\/index.php?rest_route=\/wp\/v2\/pages"}],"about":[{"href":"https:\/\/fleisch-zintzen.de\/index.php?rest_route=\/wp\/v2\/types\/page"}],"author":[{"embeddable":true,"href":"https:\/\/fleisch-zintzen.de\/index.php?rest_route=\/wp\/v2\/users\/2"}],"replies":[{"embeddable":true,"href":"https:\/\/fleisch-zintzen.de\/index.php?rest_route=%2Fwp%2Fv2%2Fcomments&post=8"}],"version-history":[{"count":39,"href":"https:\/\/fleisch-zintzen.de\/index.php?rest_route=\/wp\/v2\/pages\/8\/revisions"}],"predecessor-version":[{"id":433,"href":"https:\/\/fleisch-zintzen.de\/index.php?rest_route=\/wp\/v2\/pages\/8\/revisions\/433"}],"wp:attachment":[{"href":"https:\/\/fleisch-zintzen.de\/index.php?rest_route=%2Fwp%2Fv2%2Fmedia&parent=8"}],"curies":[{"name":"wp","href":"https:\/\/api.w.org\/{rel}","templated":true}]}}