{"id":418,"date":"2015-11-27T08:54:56","date_gmt":"2015-11-27T06:54:56","guid":{"rendered":"http:\/\/www.fleisch-zintzen.de\/?page_id=418"},"modified":"2017-03-20T13:10:20","modified_gmt":"2017-03-20T11:10:20","slug":"datenschutz","status":"publish","type":"page","link":"https:\/\/fleisch-zintzen.de\/?page_id=418","title":{"rendered":"Datenschutz"},"content":{"rendered":"<p>Diese Datenschutzerkl\u00e4rung kl\u00e4rt Nutzer \u00fcber die Art, den Umfang und Zwecke der Erhebung und Verwendung personenbezogener Daten durch den verantwortlichen Anbieter<\/p>\n<p>Fleisch Zintzen<br \/>\nAlexander Zintzen<br \/>\nIm Erdbeerfeld 20<br \/>\n52078 Aachen<\/p>\n<p>E-Mail: info(at)fleisch-zintzen.de<br \/>\nTelefon: +49 (241) 180 511 1<br \/>\nFax: +49 (241) 180 577 2<\/p>\n<p>dieser Webseite auf.<\/p>\n<p><strong>Umgang mit personenbezogenen Daten<\/strong><\/p>\n<p>Personenbezogene Daten sind Einzelangaben \u00fcber pers\u00f6nliche oder sachliche Verh\u00e4ltnisse einer bestimmten oder bestimmbaren nat\u00fcrlichen Person. Solche Daten werden vom Anbieter nur dann erhoben, genutzt und\/oder weitergegeben, wenn dies gesetzlich erlaubt ist oder der Betroffene in die Datenerhebung eingewilligt hat.<\/p>\n<p>Bei jedem Zugriff eines Nutzers auf diese Webseite sowie bei jedem Abruf einer Datei werden Daten \u00fcber diesen Vorgang vor\u00fcbergehend in einer Protokolldatei gespeichert und verarbeitet.<\/p>\n<p>Vor der Speicherung wird allerdings jeder Datensatz durch Ver\u00e4nderung der IP-Adresse anonymisiert.<\/p>\n<p>Im Einzelnen werden bei jedem Zugriff bzw. Abruf die nachfolgenden Daten erfasst und gespeichert:<\/p>\n<ul>\n<li>anonymisierte IP-Adresse,<\/li>\n<li>Browsertyp und -version,<\/li>\n<li>verwendetes Betriebssystem,<\/li>\n<li>Datum und Uhrzeit,<\/li>\n<li>aufgerufene Seite\/Name der abgerufenen Datei,<\/li>\n<li>\u00fcbertragene Datenmenge,<\/li>\n<li>Meldung, ob der Zugriff\/Abruf erfolgreich war.<\/li>\n<\/ul>\n<p>Diese Daten werden lediglich f\u00fcr statistische Zwecke und zur Verbesserung des Angebots ausgewertet und nach Fristen gel\u00f6scht. Eine andere Verwendung oder Weitergabe an Dritte erfolgt nicht.<\/p>\n<p>Beim Aufruf einzelner Seiten k\u00f6nnen so genannte tempor\u00e4re Cookies verwendet werden, um die Navigation zu erleichtern. Diese Session Cookies beinhalten keine personenbezogenen Daten und verfallen nach Ablauf der Sitzung. Techniken, welche es erm\u00f6glichen das Zugriffsverhalten der Nutzer nachzuvollziehen, werden nicht eingesetzt.<\/p>\n<p>Postanschriften und E-Mail-Adressen, welche im Rahmen von Anfragen oder Bestellungen angegeben werden, werden ausschlie\u00dflich f\u00fcr die Korrespondenz beziehungsweise die Abwicklung des eigentlichen Auftrags verwendet und gem\u00e4\u00df den gesetzlichen Aufbewahrungsfristen gespeichert und gel\u00f6scht.<\/p>\n<p><strong>Einbindung von Diensten und Inhalten Dritter \u2013 Google Maps<\/strong><\/p>\n<p>Dieses Onlineangebot nutzt Inhalte Dritter, genauer Kartenmaterial von Google Maps. Dies setzt voraus, dass der Anbieter dieses Inhaltes die IP-Adresse der Nutzer speichern und automatisiert verarbeiten muss, da ohne diese, die Inhalte nicht an den Nutzer ausgeliefert werden k\u00f6nnen. Wir verwenden grunds\u00e4tzlich nur Inhalte von Drittanbietern, deren jeweilige Dienste und Inhalte die IP-Adresse lediglich zur Auslieferung ihrer Inhalte verwenden und diese beispielsweise nicht f\u00fcr eigene, statistische Zwecke verwenden und speichern. Sollten wir Kenntnis dar\u00fcber erlangen, dass dies nicht oder nicht mehr der Fall ist, werden wir den Nutzer der Webseite hier\u00fcber entsprechend in Kenntnis setzen.<\/p>\n<p><strong>Widerruf, \u00c4nderungen, Berichtigungen und Aktualisierungen<\/strong><\/p>\n<p>Der Nutzer hat das Recht, auf Antrag, unentgeltlich Auskunft \u00fcber die personenbezogenen Daten, die \u00fcber ihn gespeichert wurden und werden, zu erhalten. Zus\u00e4tzlich hat der Nutzer das Recht auf Berichtigung unrichtiger Daten, Sperrung und L\u00f6schung seiner personenbezogenen Daten, soweit den vorgenannten Punkten keine gesetzliche Aufbewahrungspflicht entgegensteht.<\/p>\n","protected":false},"excerpt":{"rendered":"<p>Diese Datenschutzerkl\u00e4rung kl\u00e4rt Nutzer \u00fcber die Art, den Umfang und Zwecke der Erhebung und Verwendung personenbezogener Daten durch den verantwortlichen Anbieter Fleisch Zintzen Alexander Zintzen Im Erdbeerfeld 20 52078 Aachen E-Mail: info(at)fleisch-zintzen.de Telefon: +49 (241) 180 511 1 Fax: +49 (241) 180 577 2 dieser Webseite auf. Umgang mit personenbezogenen Daten Personenbezogene Daten sind Einzelangaben [&hellip;]<\/p>\n","protected":false},"author":1,"featured_media":0,"parent":0,"menu_order":0,"comment_status":"open","ping_status":"open","template":"","meta":[],"_links":{"self":[{"href":"https:\/\/fleisch-zintzen.de\/index.php?rest_route=\/wp\/v2\/pages\/418"}],"collection":[{"href":"https:\/\/fleisch-zintzen.de\/index.php?rest_route=\/wp\/v2\/pages"}],"about":[{"href":"https:\/\/fleisch-zintzen.de\/index.php?rest_route=\/wp\/v2\/types\/page"}],"author":[{"embeddable":true,"href":"https:\/\/fleisch-zintzen.de\/index.php?rest_route=\/wp\/v2\/users\/1"}],"replies":[{"embeddable":true,"href":"https:\/\/fleisch-zintzen.de\/index.php?rest_route=%2Fwp%2Fv2%2Fcomments&post=418"}],"version-history":[{"count":6,"href":"https:\/\/fleisch-zintzen.de\/index.php?rest_route=\/wp\/v2\/pages\/418\/revisions"}],"predecessor-version":[{"id":425,"href":"https:\/\/fleisch-zintzen.de\/index.php?rest_route=\/wp\/v2\/pages\/418\/revisions\/425"}],"wp:attachment":[{"href":"https:\/\/fleisch-zintzen.de\/index.php?rest_route=%2Fwp%2Fv2%2Fmedia&parent=418"}],"curies":[{"name":"wp","href":"https:\/\/api.w.org\/{rel}","templated":true}]}}