{"id":13,"date":"2014-11-17T17:07:57","date_gmt":"2014-11-17T15:07:57","guid":{"rendered":"http:\/\/127.0.0.1:8888\/Arbeit\/zintzen\/wordpress\/?page_id=13"},"modified":"2014-12-02T16:09:57","modified_gmt":"2014-12-02T14:09:57","slug":"kontakt","status":"publish","type":"page","link":"https:\/\/fleisch-zintzen.de\/?page_id=13","title":{"rendered":"Kontakt"},"content":{"rendered":"<p>Vielen Dank f\u00fcr den Besuch unserer Website.<\/p>\n<p>Wenn Sie noch Fragen zu unserem Angebot haben oder W\u00fcnsche, k\u00f6nnen Sie uns zu unseren Gesch\u00e4ftszeiten gerne anrufen. Selbstverst\u00e4ndlich k\u00f6nnen Sie auch eine E-Mail an uns senden.<\/p>\n<p>Sie erhalten in jedem Fall kurzfristig eine Antwort von uns.<\/p>\n<p><strong>Fleisch Zintzen<\/strong><br \/>\nAlexander Zintzen<br \/>\nim Erdbeerfeld 20<br \/>\n52078 Aachen<\/p>\n<p>E-Mail: <a href=\"mailto:info@fleisch-zintzen.de\">info(at)fleisch-zintzen.de<\/a><\/p>\n<table>\n<tbody>\n<tr>\n<td>Telefon:<\/td>\n<td>+49 (241) 180 511 1<\/td>\n<\/tr>\n<tr>\n<td>Fax:<\/td>\n<td>+49 (241) 180 577 2<\/td>\n<\/tr>\n<\/tbody>\n<\/table>\n<p>&nbsp;<\/p>\n<div class='content-column full_width'><iframe loading=\"lazy\" style=\"border: 0;\" src=\"https:\/\/www.google.com\/maps\/embed?pb=!1m18!1m12!1m3!1d2523.916604820321!2d6.158299999999994!3d50.75858000000001!2m3!1f0!2f0!3f0!3m2!1i1024!2i768!4f13.1!3m3!1m2!1s0x47c09c257ed5ebcb%3A0xd78944dd398e1bd1!2sIm+Erdbeerfeld+20%2C+52078+Aachen!5e0!3m2!1sde!2sde!4v1416501193462\" width=\"100%\" height=\"450\" frameborder=\"0\"><\/iframe><\/div>\n","protected":false},"excerpt":{"rendered":"<p>Vielen Dank f\u00fcr den Besuch unserer Website. Wenn Sie noch Fragen zu unserem Angebot haben oder W\u00fcnsche, k\u00f6nnen Sie uns zu unseren Gesch\u00e4ftszeiten gerne anrufen. Selbstverst\u00e4ndlich k\u00f6nnen Sie auch eine E-Mail an uns senden. Sie erhalten in jedem Fall kurzfristig eine Antwort von uns. Fleisch Zintzen Alexander Zintzen im Erdbeerfeld 20 52078 Aachen E-Mail: info(at)fleisch-zintzen.de [&hellip;]<\/p>\n","protected":false},"author":2,"featured_media":0,"parent":0,"menu_order":60,"comment_status":"open","ping_status":"open","template":"","meta":[],"_links":{"self":[{"href":"https:\/\/fleisch-zintzen.de\/index.php?rest_route=\/wp\/v2\/pages\/13"}],"collection":[{"href":"https:\/\/fleisch-zintzen.de\/index.php?rest_route=\/wp\/v2\/pages"}],"about":[{"href":"https:\/\/fleisch-zintzen.de\/index.php?rest_route=\/wp\/v2\/types\/page"}],"author":[{"embeddable":true,"href":"https:\/\/fleisch-zintzen.de\/index.php?rest_route=\/wp\/v2\/users\/2"}],"replies":[{"embeddable":true,"href":"https:\/\/fleisch-zintzen.de\/index.php?rest_route=%2Fwp%2Fv2%2Fcomments&post=13"}],"version-history":[{"count":20,"href":"https:\/\/fleisch-zintzen.de\/index.php?rest_route=\/wp\/v2\/pages\/13\/revisions"}],"predecessor-version":[{"id":400,"href":"https:\/\/fleisch-zintzen.de\/index.php?rest_route=\/wp\/v2\/pages\/13\/revisions\/400"}],"wp:attachment":[{"href":"https:\/\/fleisch-zintzen.de\/index.php?rest_route=%2Fwp%2Fv2%2Fmedia&parent=13"}],"curies":[{"name":"wp","href":"https:\/\/api.w.org\/{rel}","templated":true}]}}